{"id":31,"date":"2019-09-23T21:55:00","date_gmt":"2019-09-23T19:55:00","guid":{"rendered":"http:\/\/linselles-cyclisme.fr\/?page_id=31"},"modified":"2025-10-22T12:38:37","modified_gmt":"2025-10-22T10:38:37","slug":"les-sorties","status":"publish","type":"page","link":"https:\/\/linselles-cyclisme.fr\/?page_id=31","title":{"rendered":"Les sorties"},"content":{"rendered":"\n<p>Le calendrier du mois est \u00e9dit\u00e9 sur la page d\u2019accueil du site.<\/p>\n\n\n\n<p>Lieu de d\u00e9part : le parking int\u00e9rieur de la salle Jacques Brel<\/p>\n\n\n\n<p>Dimanche matin \u00ab\u00a0horaire \u00e9t\u00e9\u00a0\u00bb : 9 h 00 ou 8 h 00 en fonction des sorties programm\u00e9es, voir le calendrier des mois \u00e0 venir pour plus de d\u00e9tails en cliquant sur les mots de la premi\u00e8re phrase.<\/p>\n\n\n\n<p>Dimanche matin \u00ab\u00a0horaire hiver\u00a0\u00bb : 9h00<\/p>\n\n\n\n<p>Le mardi &amp; jeudi matin d\u00e9part 9 h en toutes saisons du Parking salle Jacques brel.<\/p>\n\n\n\n<p>Esprit Club, on part ensemble, on rentre ensemble, les sorties ne sont pas des comp\u00e9titions.<\/p>\n\n\n\n<ul class=\"wp-block-list\">\n<li>Le mercredi soir 18h30 m\u00eame lieu, plus destin\u00e9e aux comp\u00e9titeurs et&nbsp;au groupe 1&amp;2<\/li>\n<\/ul>\n\n\n\n<ul class=\"wp-block-list\">\n<li>Sortie pour tous, allure mod\u00e9r\u00e9e le samedi matin \u00e0 9h30, lieu de rendez-vous identique aux autres sorties<\/li>\n<\/ul>\n\n\n\n<p><\/p>\n","protected":false},"excerpt":{"rendered":"<p>Le calendrier du mois est \u00e9dit\u00e9 sur la page d\u2019accueil du site. Lieu de d\u00e9part : le parking int\u00e9rieur de la salle Jacques Brel Dimanche matin \u00ab\u00a0horaire \u00e9t\u00e9\u00a0\u00bb : 9 h 00 ou 8 h 00 en fonction des sorties programm\u00e9es, voir le calendrier des mois \u00e0 venir pour plus de d\u00e9tails en cliquant sur les mots de la premi\u00e8re phrase. Dimanche matin \u00ab\u00a0horaire hiver\u00a0\u00bb : 9h00 Le mardi &amp; jeudi matin d\u00e9part 9 h en toutes saisons du Parking&#8230;<\/p>\n<p class=\"read-more\"><a class=\"btn btn-default\" href=\"https:\/\/linselles-cyclisme.fr\/?page_id=31\">Lire la suite<span class=\"screen-reader-text\"> Lire la suite<\/span><\/a><\/p>\n","protected":false},"author":1,"featured_media":310,"parent":0,"menu_order":0,"comment_status":"closed","ping_status":"closed","template":"","meta":{"footnotes":""},"class_list":["post-31","page","type-page","status-publish","has-post-thumbnail","hentry"],"_links":{"self":[{"href":"https:\/\/linselles-cyclisme.fr\/index.php?rest_route=\/wp\/v2\/pages\/31","targetHints":{"allow":["GET"]}}],"collection":[{"href":"https:\/\/linselles-cyclisme.fr\/index.php?rest_route=\/wp\/v2\/pages"}],"about":[{"href":"https:\/\/linselles-cyclisme.fr\/index.php?rest_route=\/wp\/v2\/types\/page"}],"author":[{"embeddable":true,"href":"https:\/\/linselles-cyclisme.fr\/index.php?rest_route=\/wp\/v2\/users\/1"}],"replies":[{"embeddable":true,"href":"https:\/\/linselles-cyclisme.fr\/index.php?rest_route=%2Fwp%2Fv2%2Fcomments&post=31"}],"version-history":[{"count":35,"href":"https:\/\/linselles-cyclisme.fr\/index.php?rest_route=\/wp\/v2\/pages\/31\/revisions"}],"predecessor-version":[{"id":1053,"href":"https:\/\/linselles-cyclisme.fr\/index.php?rest_route=\/wp\/v2\/pages\/31\/revisions\/1053"}],"wp:featuredmedia":[{"embeddable":true,"href":"https:\/\/linselles-cyclisme.fr\/index.php?rest_route=\/wp\/v2\/media\/310"}],"wp:attachment":[{"href":"https:\/\/linselles-cyclisme.fr\/index.php?rest_route=%2Fwp%2Fv2%2Fmedia&parent=31"}],"curies":[{"name":"wp","href":"https:\/\/api.w.org\/{rel}","templated":true}]}}