{"id":360,"date":"2022-12-18T20:44:34","date_gmt":"2022-12-18T19:44:34","guid":{"rendered":"https:\/\/linselles-cyclisme.fr\/?page_id=360"},"modified":"2025-05-16T18:23:49","modified_gmt":"2025-05-16T16:23:49","slug":"les-cyclos","status":"publish","type":"page","link":"https:\/\/linselles-cyclisme.fr\/?page_id=360","title":{"rendered":"Les cyclos"},"content":{"rendered":"\n<p>Le club compte plus de 65 cyclos inscrits.<\/p>\n\n\n\n<p>Les amateurs de v\u00e9los se retrouvent dans la semaine et tous le dimanches matins pour avaler le bitume dans un esprit de camaraderie.<\/p>\n\n\n\n<p><strong>Plusieurs groupes sont organis\u00e9s : 1, 2, 3 et 4<\/strong><\/p>\n\n\n\n<p><\/p>\n\n\n\n<p>Le groupe 4 roule tr\u00e8s tranquille.<\/p>\n\n\n\n<p>Un groupe ou les grands retrait\u00e9s si retrouveront en toute sympathie pour des sorties cool. <\/p>\n\n\n\n<p><strong>Le groupe 3 roule tranquille. <\/strong><\/p>\n\n\n\n<p>Pour les personnes qui souhaitent d\u00e9couvrir la pratique du v\u00e9lo en groupe, il est parfait. Mais attention, si vous souhaitez d\u00e9couvrir ce plaisir il faudra pr\u00e9venir que vous \u00eates d\u00e9butant. En effet, quand on roule en bande, il y a des r\u00e8gles et des consignes de s\u00e9curit\u00e9 \u00e0 conna\u00eetre et \u00e0 respecter pour se prot\u00e9ger des dangers de la route.<\/p>\n\n\n\n<p><strong>Le groupe 2 est un peu plus sportif.<\/strong><\/p>\n\n\n\n<p>Si vous souhaitez profiter d&rsquo;une bonne moyenne et vous mettre de temps en temps devant pour prendre du vent alors il est fait pour vous.<\/p>\n\n\n\n<p><strong>Le groupe 1 est tr\u00e8s sportif.<\/strong><\/p>\n\n\n\n<p>Si vous souhaitez faire les brevet de 90 kms \u00e0 un tr\u00e8s bon rythme et ressentir des bonnes sensations en toute s\u00e9curit\u00e9, alors il est fait pour vous.<\/p>\n\n\n\n<p><strong>Nouveau ! Cr\u00e9ation d\u2019une section f\u00e9minine&nbsp;<\/strong><\/p>\n\n\n\n<p>Vous poss\u00e9dez un v\u00e9lo de route ? Vous roulez de mani\u00e8re sportive, \u00e0 une moyenne de 23 \u00e0 25 km\/h sur des parcours d\u2019environ 70 km, tout en privil\u00e9giant la s\u00e9curit\u00e9 et la convivialit\u00e9 ?<\/p>\n\n\n\n<p>Rejoignez notre nouvelle section f\u00e9minine, d\u00e9part tous les dimanches \u00e0 09 h de la salle Jacques Brel rue de Tourcoing. Pour tout renseignement, contacter la responsable de section : <a href=\"mailto:stephanielisambert@gmail.com\">stephanielisambert@gmail.com<\/a> ou le pr\u00e9sident <a href=\"mailto:robert.lecluse@orange.fr\">robert.lecluse@orange.fr<\/a><\/p>\n\n\n\n<figure class=\"wp-block-image size-large\"><img loading=\"lazy\" decoding=\"async\" width=\"774\" height=\"1024\" src=\"https:\/\/linselles-cyclisme.fr\/wp-content\/uploads\/2025\/05\/slisambert-774x1024.jpg\" alt=\"\" class=\"wp-image-960\" srcset=\"https:\/\/linselles-cyclisme.fr\/wp-content\/uploads\/2025\/05\/slisambert-774x1024.jpg 774w, https:\/\/linselles-cyclisme.fr\/wp-content\/uploads\/2025\/05\/slisambert-227x300.jpg 227w, https:\/\/linselles-cyclisme.fr\/wp-content\/uploads\/2025\/05\/slisambert-768x1016.jpg 768w, https:\/\/linselles-cyclisme.fr\/wp-content\/uploads\/2025\/05\/slisambert-204x270.jpg 204w, https:\/\/linselles-cyclisme.fr\/wp-content\/uploads\/2025\/05\/slisambert.jpg 800w\" sizes=\"auto, (max-width: 774px) 100vw, 774px\" \/><\/figure>\n\n\n\n<p><strong>Quand on vient au club de Linselles, il y a une premi\u00e8re r\u00e8gle simple \u00e0 essayer de respecter : On part ensemble, on rentre ensemble.<\/strong><\/p>\n\n\n\n<p>Un groupe constitu\u00e9 au d\u00e9part est tenu d&rsquo;attendre les copains qui auraient des probl\u00e8mes m\u00e9caniques ou qui seraient en dessous du niveau moyen du groupe. On est tenu d&rsquo;\u00eatre solidaire et de veiller sur tout le monde. Bien sur, au d\u00e9part, on demande \u00e0 chacun de se placer dans le groupe qui correspond \u00e0 son niveau. Si vous surestim\u00e9 votre niveau vous risquez de p\u00e9naliser un groupe.<\/p>\n\n\n\n<p><strong>Quand on vient au club de Linselles, il y a une deuxi\u00e8me r\u00e8gle simple \u00e0 respecter : le port du casque est obligatoire.<\/strong><\/p>\n\n\n\n<p>En effet pour votre s\u00e9curit\u00e9 cette objet est indispensable. Croyez notre exp\u00e9rience. Une chute peut toujours arriver. Le port du casque a d\u00e9j\u00e0 sauv\u00e9 de nombreuses vies.<\/p>\n\n\n\n<p><\/p>\n\n\n\n<p><strong>En 2022 le club a particip\u00e9 \u00e0 Lille  -Hardelot.<\/strong><\/p>\n\n\n\n<p>nous avions 35 participants \u00e0 cette manifestation, avec retour programm\u00e9 en bus et rapatriement des v\u00e9los de chaque participants.<\/p>\n\n\n\n<p>Le temps \u00e9tant de la partie, on peut dire que nous avons pass\u00e9 une excellente journ\u00e9e. Vous trouverez ci-dessous quelques photos de cyclos vivant \u00e0 fond leur passion.<\/p>\n\n\n\n<figure class=\"wp-block-image size-large\"><img loading=\"lazy\" decoding=\"async\" width=\"768\" height=\"1024\" src=\"https:\/\/linselles-cyclisme.fr\/wp-content\/uploads\/2022\/12\/20220522_134445-768x1024.jpg\" alt=\"\" class=\"wp-image-405\" srcset=\"https:\/\/linselles-cyclisme.fr\/wp-content\/uploads\/2022\/12\/20220522_134445-768x1024.jpg 768w, https:\/\/linselles-cyclisme.fr\/wp-content\/uploads\/2022\/12\/20220522_134445-225x300.jpg 225w, https:\/\/linselles-cyclisme.fr\/wp-content\/uploads\/2022\/12\/20220522_134445-1152x1536.jpg 1152w, https:\/\/linselles-cyclisme.fr\/wp-content\/uploads\/2022\/12\/20220522_134445-1536x2048.jpg 1536w, https:\/\/linselles-cyclisme.fr\/wp-content\/uploads\/2022\/12\/20220522_134445-203x270.jpg 203w, https:\/\/linselles-cyclisme.fr\/wp-content\/uploads\/2022\/12\/20220522_134445-scaled.jpg 1920w\" sizes=\"auto, (max-width: 768px) 100vw, 768px\" \/><\/figure>\n\n\n\n<figure class=\"wp-block-image size-large\"><img loading=\"lazy\" decoding=\"async\" width=\"768\" height=\"1024\" src=\"https:\/\/linselles-cyclisme.fr\/wp-content\/uploads\/2022\/12\/20220522_133059-768x1024.jpg\" alt=\"\" class=\"wp-image-404\" srcset=\"https:\/\/linselles-cyclisme.fr\/wp-content\/uploads\/2022\/12\/20220522_133059-768x1024.jpg 768w, https:\/\/linselles-cyclisme.fr\/wp-content\/uploads\/2022\/12\/20220522_133059-225x300.jpg 225w, https:\/\/linselles-cyclisme.fr\/wp-content\/uploads\/2022\/12\/20220522_133059-1152x1536.jpg 1152w, https:\/\/linselles-cyclisme.fr\/wp-content\/uploads\/2022\/12\/20220522_133059-1536x2048.jpg 1536w, https:\/\/linselles-cyclisme.fr\/wp-content\/uploads\/2022\/12\/20220522_133059-203x270.jpg 203w, https:\/\/linselles-cyclisme.fr\/wp-content\/uploads\/2022\/12\/20220522_133059-scaled.jpg 1920w\" sizes=\"auto, (max-width: 768px) 100vw, 768px\" \/><\/figure>\n\n\n\n<figure class=\"wp-block-image size-large\"><img loading=\"lazy\" decoding=\"async\" width=\"768\" height=\"1024\" src=\"https:\/\/linselles-cyclisme.fr\/wp-content\/uploads\/2022\/12\/20220522_140626-768x1024.jpg\" alt=\"\" class=\"wp-image-408\" srcset=\"https:\/\/linselles-cyclisme.fr\/wp-content\/uploads\/2022\/12\/20220522_140626-768x1024.jpg 768w, https:\/\/linselles-cyclisme.fr\/wp-content\/uploads\/2022\/12\/20220522_140626-225x300.jpg 225w, https:\/\/linselles-cyclisme.fr\/wp-content\/uploads\/2022\/12\/20220522_140626-1152x1536.jpg 1152w, https:\/\/linselles-cyclisme.fr\/wp-content\/uploads\/2022\/12\/20220522_140626-1536x2048.jpg 1536w, https:\/\/linselles-cyclisme.fr\/wp-content\/uploads\/2022\/12\/20220522_140626-203x270.jpg 203w, https:\/\/linselles-cyclisme.fr\/wp-content\/uploads\/2022\/12\/20220522_140626-scaled.jpg 1920w\" sizes=\"auto, (max-width: 768px) 100vw, 768px\" \/><\/figure>\n\n\n\n<figure class=\"wp-block-image size-large\"><img loading=\"lazy\" decoding=\"async\" width=\"768\" height=\"1024\" src=\"https:\/\/linselles-cyclisme.fr\/wp-content\/uploads\/2022\/12\/20220522_123014-768x1024.jpg\" alt=\"\" class=\"wp-image-402\" srcset=\"https:\/\/linselles-cyclisme.fr\/wp-content\/uploads\/2022\/12\/20220522_123014-768x1024.jpg 768w, https:\/\/linselles-cyclisme.fr\/wp-content\/uploads\/2022\/12\/20220522_123014-225x300.jpg 225w, https:\/\/linselles-cyclisme.fr\/wp-content\/uploads\/2022\/12\/20220522_123014-1152x1536.jpg 1152w, https:\/\/linselles-cyclisme.fr\/wp-content\/uploads\/2022\/12\/20220522_123014-1536x2048.jpg 1536w, https:\/\/linselles-cyclisme.fr\/wp-content\/uploads\/2022\/12\/20220522_123014-203x270.jpg 203w, https:\/\/linselles-cyclisme.fr\/wp-content\/uploads\/2022\/12\/20220522_123014-scaled.jpg 1920w\" sizes=\"auto, (max-width: 768px) 100vw, 768px\" \/><\/figure>\n\n\n\n<figure class=\"wp-block-image size-large\"><img loading=\"lazy\" decoding=\"async\" width=\"768\" height=\"1024\" src=\"https:\/\/linselles-cyclisme.fr\/wp-content\/uploads\/2022\/12\/20220522_131822-768x1024.jpg\" alt=\"\" class=\"wp-image-403\" srcset=\"https:\/\/linselles-cyclisme.fr\/wp-content\/uploads\/2022\/12\/20220522_131822-768x1024.jpg 768w, https:\/\/linselles-cyclisme.fr\/wp-content\/uploads\/2022\/12\/20220522_131822-225x300.jpg 225w, https:\/\/linselles-cyclisme.fr\/wp-content\/uploads\/2022\/12\/20220522_131822-1152x1536.jpg 1152w, https:\/\/linselles-cyclisme.fr\/wp-content\/uploads\/2022\/12\/20220522_131822-1536x2048.jpg 1536w, https:\/\/linselles-cyclisme.fr\/wp-content\/uploads\/2022\/12\/20220522_131822-203x270.jpg 203w, https:\/\/linselles-cyclisme.fr\/wp-content\/uploads\/2022\/12\/20220522_131822-scaled.jpg 1920w\" sizes=\"auto, (max-width: 768px) 100vw, 768px\" \/><\/figure>\n\n\n\n<figure class=\"wp-block-image size-large\"><img loading=\"lazy\" decoding=\"async\" width=\"768\" height=\"1024\" src=\"https:\/\/linselles-cyclisme.fr\/wp-content\/uploads\/2022\/12\/20220522_135056-768x1024.jpg\" alt=\"\" class=\"wp-image-407\" srcset=\"https:\/\/linselles-cyclisme.fr\/wp-content\/uploads\/2022\/12\/20220522_135056-768x1024.jpg 768w, https:\/\/linselles-cyclisme.fr\/wp-content\/uploads\/2022\/12\/20220522_135056-225x300.jpg 225w, https:\/\/linselles-cyclisme.fr\/wp-content\/uploads\/2022\/12\/20220522_135056-1152x1536.jpg 1152w, https:\/\/linselles-cyclisme.fr\/wp-content\/uploads\/2022\/12\/20220522_135056-1536x2048.jpg 1536w, https:\/\/linselles-cyclisme.fr\/wp-content\/uploads\/2022\/12\/20220522_135056-203x270.jpg 203w, https:\/\/linselles-cyclisme.fr\/wp-content\/uploads\/2022\/12\/20220522_135056-scaled.jpg 1920w\" sizes=\"auto, (max-width: 768px) 100vw, 768px\" \/><\/figure>\n","protected":false},"excerpt":{"rendered":"<p>Le club compte plus de 65 cyclos inscrits. Les amateurs de v\u00e9los se retrouvent dans la semaine et tous le dimanches matins pour avaler le bitume dans un esprit de camaraderie. Plusieurs groupes sont organis\u00e9s : 1, 2, 3 et 4 Le groupe 4 roule tr\u00e8s tranquille. Un groupe ou les grands retrait\u00e9s si retrouveront en toute sympathie pour des sorties cool. Le groupe 3 roule tranquille. Pour les personnes qui souhaitent d\u00e9couvrir la pratique du v\u00e9lo en groupe, il&#8230;<\/p>\n<p class=\"read-more\"><a class=\"btn btn-default\" href=\"https:\/\/linselles-cyclisme.fr\/?page_id=360\">Lire la suite<span class=\"screen-reader-text\"> Lire la suite<\/span><\/a><\/p>\n","protected":false},"author":7,"featured_media":345,"parent":0,"menu_order":0,"comment_status":"closed","ping_status":"closed","template":"","meta":{"footnotes":""},"class_list":["post-360","page","type-page","status-publish","has-post-thumbnail","hentry"],"_links":{"self":[{"href":"https:\/\/linselles-cyclisme.fr\/index.php?rest_route=\/wp\/v2\/pages\/360","targetHints":{"allow":["GET"]}}],"collection":[{"href":"https:\/\/linselles-cyclisme.fr\/index.php?rest_route=\/wp\/v2\/pages"}],"about":[{"href":"https:\/\/linselles-cyclisme.fr\/index.php?rest_route=\/wp\/v2\/types\/page"}],"author":[{"embeddable":true,"href":"https:\/\/linselles-cyclisme.fr\/index.php?rest_route=\/wp\/v2\/users\/7"}],"replies":[{"embeddable":true,"href":"https:\/\/linselles-cyclisme.fr\/index.php?rest_route=%2Fwp%2Fv2%2Fcomments&post=360"}],"version-history":[{"count":16,"href":"https:\/\/linselles-cyclisme.fr\/index.php?rest_route=\/wp\/v2\/pages\/360\/revisions"}],"predecessor-version":[{"id":968,"href":"https:\/\/linselles-cyclisme.fr\/index.php?rest_route=\/wp\/v2\/pages\/360\/revisions\/968"}],"wp:featuredmedia":[{"embeddable":true,"href":"https:\/\/linselles-cyclisme.fr\/index.php?rest_route=\/wp\/v2\/media\/345"}],"wp:attachment":[{"href":"https:\/\/linselles-cyclisme.fr\/index.php?rest_route=%2Fwp%2Fv2%2Fmedia&parent=360"}],"curies":[{"name":"wp","href":"https:\/\/api.w.org\/{rel}","templated":true}]}}